{"id":2211,"date":"2024-07-21T06:56:23","date_gmt":"2024-07-21T06:56:23","guid":{"rendered":"https:\/\/www.kremapluss.com\/hakkimizda\/"},"modified":"2025-12-08T07:57:21","modified_gmt":"2025-12-08T07:57:21","slug":"hakkimizda","status":"publish","type":"page","link":"https:\/\/www.kremapluss.com\/en\/hakkimizda\/","title":{"rendered":"Hakk\u0131m\u0131zda"},"content":{"rendered":"\t\t<div data-elementor-type=\"wp-page\" data-elementor-id=\"2211\" class=\"elementor elementor-2211\" data-elementor-settings=\"{&quot;ha_cmc_init_switcher&quot;:&quot;no&quot;}\" data-elementor-post-type=\"page\">\n\t\t\t\t<div class=\"elementor-element elementor-element-daefdf2 e-flex e-con-boxed e-con e-parent\" data-id=\"daefdf2\" data-element_type=\"container\" data-e-type=\"container\" data-settings=\"{&quot;background_background&quot;:&quot;classic&quot;,&quot;_ha_eqh_enable&quot;:false}\">\n\t\t\t\t\t<div class=\"e-con-inner\">\n\t\t\t\t\t<\/div>\n\t\t\t\t<\/div>\n\t\t<div class=\"elementor-element elementor-element-9bd1b28 e-flex e-con-boxed e-con e-parent\" data-id=\"9bd1b28\" data-element_type=\"container\" data-e-type=\"container\" data-settings=\"{&quot;_ha_eqh_enable&quot;:false}\">\n\t\t\t\t\t<div class=\"e-con-inner\">\n\t\t\t\t<div class=\"elementor-element elementor-element-06cf1e1 elementor-widget elementor-widget-video\" data-id=\"06cf1e1\" data-element_type=\"widget\" data-e-type=\"widget\" data-settings=\"{&quot;video_type&quot;:&quot;hosted&quot;,&quot;controls&quot;:&quot;yes&quot;}\" data-widget_type=\"video.default\">\n\t\t\t\t<div class=\"elementor-widget-container\">\n\t\t\t\t\t\t\t<div class=\"e-hosted-video elementor-wrapper elementor-open-inline\">\n\t\t\t\t\t<video class=\"elementor-video\" src=\"https:\/\/www.kremapluss.com\/wp-content\/uploads\/2025\/12\/12081.mp4\" controls=\"\" preload=\"metadata\" controlsList=\"nodownload\"><\/video>\n\t\t\t\t<\/div>\n\t\t\t\t\t\t<\/div>\n\t\t\t\t<\/div>\n\t\t\t\t\t<\/div>\n\t\t\t\t<\/div>\n\t\t<div class=\"elementor-element elementor-element-b338aff e-flex e-con-boxed e-con e-parent\" data-id=\"b338aff\" data-element_type=\"container\" data-e-type=\"container\" data-settings=\"{&quot;_ha_eqh_enable&quot;:false}\">\n\t\t\t\t\t<div class=\"e-con-inner\">\n\t\t\t\t<div class=\"elementor-element elementor-element-085623a elementor-widget elementor-widget-heading\" data-id=\"085623a\" data-element_type=\"widget\" data-e-type=\"widget\" data-widget_type=\"heading.default\">\n\t\t\t\t<div class=\"elementor-widget-container\">\n\t\t\t\t\t<h2 class=\"elementor-heading-title elementor-size-default\">Krema Design Fuarc\u0131l\u0131k Hizmetleri<\/h2>\t\t\t\t<\/div>\n\t\t\t\t<\/div>\n\t\t\t\t<div class=\"elementor-element elementor-element-537985c elementor-widget elementor-widget-heading\" data-id=\"537985c\" data-element_type=\"widget\" data-e-type=\"widget\" data-widget_type=\"heading.default\">\n\t\t\t\t<div class=\"elementor-widget-container\">\n\t\t\t\t\t<h2 class=\"elementor-heading-title elementor-size-default\">Her ge\u00e7en y\u0131l artan bir tempoyla b\u00fcy\u00fcyerek...<\/h2>\t\t\t\t<\/div>\n\t\t\t\t<\/div>\n\t\t\t\t<div class=\"elementor-element elementor-element-19e5882 elementor-widget elementor-widget-text-editor\" data-id=\"19e5882\" data-element_type=\"widget\" data-e-type=\"widget\" data-widget_type=\"text-editor.default\">\n\t\t\t\t<div class=\"elementor-widget-container\">\n\t\t\t\t\t\t\t\t\t<p>2002 y\u0131l\u0131nda Mithat AVCI ve Seval SAVA\u015e taraf\u0131ndan kurulan Krema Design Fuarc\u0131l\u0131k Hizmetleri kuruldu\u011fu g\u00fcnden bug\u00fcne kadar T\u00fcrkiye&#8217;de ve yurtd\u0131\u015f\u0131nda faaliyet g\u00f6steren bir\u00e7ok \u00f6nemli \u015firket i\u00e7in \u00f6zel stantlar tasarlay\u0131p \u00fcretmi\u015ftir. Fuar end\u00fcstrisinin \u00f6nemini kavrayarak \u00fclkemiz \u015firketlerinin fuarlara kat\u0131l\u0131m\u0131n\u0131 te\u015fvik etmi\u015f ve bu sayede ekonomiye olumlu katk\u0131larda bulunmu\u015ftur.<\/p><p>Krema Design, her ge\u00e7en y\u0131l artan bir tempoyla b\u00fcy\u00fcyerek, m\u00fc\u015fterisi olan markalar\u0131n tan\u0131n\u0131rl\u0131\u011f\u0131n\u0131 art\u0131rmay\u0131 ba\u015farm\u0131\u015ft\u0131r. Tasar\u0131m ve \u00fcretimde kaliteye verilen \u00f6nem sayesinde, sekt\u00f6rde sayg\u0131n bir konuma gelmi\u015f ve m\u00fc\u015fterilerinden g\u00fcven kazanm\u0131\u015ft\u0131r. Yenilik\u00e7i yakla\u015f\u0131m\u0131 ve profesyonel ekibiyle fuar alan\u0131nda \u00f6nc\u00fc bir rol \u00fcstlenen Krema Design, m\u00fc\u015fteri memnuniyetini her zaman \u00f6n planda tutarak sekt\u00f6rdeki ba\u015far\u0131s\u0131n\u0131 s\u00fcrd\u00fcrmektedir.<\/p>\t\t\t\t\t\t\t\t<\/div>\n\t\t\t\t<\/div>\n\t\t\t\t\t<\/div>\n\t\t\t\t<\/div>\n\t\t<div class=\"elementor-element elementor-element-9875d69 e-flex e-con-boxed e-con e-parent\" data-id=\"9875d69\" data-element_type=\"container\" data-e-type=\"container\" data-settings=\"{&quot;_ha_eqh_enable&quot;:false}\">\n\t\t\t\t\t<div class=\"e-con-inner\">\n\t\t<div class=\"elementor-element elementor-element-46a4b83 e-con-full e-flex e-con e-child\" data-id=\"46a4b83\" data-element_type=\"container\" data-e-type=\"container\" data-settings=\"{&quot;_ha_eqh_enable&quot;:false}\">\n\t\t\t\t<div class=\"elementor-element elementor-element-c08e5f8 elementor-widget elementor-widget-image\" data-id=\"c08e5f8\" data-element_type=\"widget\" data-e-type=\"widget\" data-widget_type=\"image.default\">\n\t\t\t\t<div class=\"elementor-widget-container\">\n\t\t\t\t\t\t\t\t\t\t\t\t\t\t\t<img fetchpriority=\"high\" decoding=\"async\" width=\"1024\" height=\"571\" src=\"https:\/\/www.kremapluss.com\/wp-content\/uploads\/2024\/08\/6-1024x571.webp\" class=\"attachment-large size-large wp-image-1313\" alt=\"\" srcset=\"https:\/\/www.kremapluss.com\/wp-content\/uploads\/2024\/08\/6-1024x571.webp 1024w, https:\/\/www.kremapluss.com\/wp-content\/uploads\/2024\/08\/6-300x167.webp 300w, https:\/\/www.kremapluss.com\/wp-content\/uploads\/2024\/08\/6-768x428.webp 768w, https:\/\/www.kremapluss.com\/wp-content\/uploads\/2024\/08\/6.webp 1120w\" sizes=\"(max-width: 1024px) 100vw, 1024px\" \/>\t\t\t\t\t\t\t\t\t\t\t\t\t\t\t<\/div>\n\t\t\t\t<\/div>\n\t\t\t\t<\/div>\n\t\t<div class=\"elementor-element elementor-element-17e74e9 e-con-full e-flex e-con e-child\" data-id=\"17e74e9\" data-element_type=\"container\" data-e-type=\"container\" data-settings=\"{&quot;_ha_eqh_enable&quot;:false}\">\n\t\t\t\t<div class=\"elementor-element elementor-element-f29747a ha-has-bg-overlay elementor-widget elementor-widget-text-editor\" data-id=\"f29747a\" data-element_type=\"widget\" data-e-type=\"widget\" data-widget_type=\"text-editor.default\">\n\t\t\t\t<div class=\"elementor-widget-container\">\n\t\t\t\t\t\t\t\t\t<p>Krema Design&#8217;in vizyonu, yarat\u0131c\u0131 ve etkileyici tasar\u0131mlarla \u015firketlerin fuarlardaki varl\u0131\u011f\u0131n\u0131 g\u00fc\u00e7lendirmek ve markalar\u0131n\u0131n \u00f6ne \u00e7\u0131kmas\u0131n\u0131 sa\u011flamakt\u0131r. Gelecekte de sekt\u00f6rdeki lider konumunu koruyarak, fuar sekt\u00f6r\u00fcnde \u00f6zg\u00fcn ve kaliteli hizmetler sunmaya devam etmeyi hedeflemektedir.<\/p>\t\t\t\t\t\t\t\t<\/div>\n\t\t\t\t<\/div>\n\t\t\t\t<\/div>\n\t\t\t\t\t<\/div>\n\t\t\t\t<\/div>\n\t\t<div class=\"elementor-element elementor-element-b0c004f e-flex e-con-boxed e-con e-parent\" data-id=\"b0c004f\" data-element_type=\"container\" data-e-type=\"container\" data-settings=\"{&quot;_ha_eqh_enable&quot;:false}\">\n\t\t\t\t\t<div class=\"e-con-inner\">\n\t\t<div class=\"elementor-element elementor-element-68df92a e-con-full e-flex e-con e-child\" data-id=\"68df92a\" data-element_type=\"container\" data-e-type=\"container\" data-settings=\"{&quot;_ha_eqh_enable&quot;:false}\">\n\t\t\t\t<div class=\"elementor-element elementor-element-48f5a3c elementor-widget elementor-widget-ha-icon-box happy-addon ha-icon-box\" data-id=\"48f5a3c\" data-element_type=\"widget\" data-e-type=\"widget\" data-widget_type=\"ha-icon-box.default\">\n\t\t\t\t<div class=\"elementor-widget-container\">\n\t\t\t\n\t\t\n\t\t\t\t\t\t<span class=\"ha-icon-box-icon\">\n\t\t\t\t\t<i class=\"hm hm-carousal\"><\/i>\t\t\t\t<\/span>\n\t\t<h2 class=\"ha-icon-box-title\">Stant Tasar\u0131m\u0131 <\/h2>\t\t<\/div>\n\t\t\t\t<\/div>\n\t\t\t\t<\/div>\n\t\t<div class=\"elementor-element elementor-element-9f5b008 e-con-full e-flex e-con e-child\" data-id=\"9f5b008\" data-element_type=\"container\" data-e-type=\"container\" data-settings=\"{&quot;_ha_eqh_enable&quot;:false}\">\n\t\t\t\t<div class=\"elementor-element elementor-element-d388bbc elementor-widget elementor-widget-ha-icon-box happy-addon ha-icon-box\" data-id=\"d388bbc\" data-element_type=\"widget\" data-e-type=\"widget\" data-widget_type=\"ha-icon-box.default\">\n\t\t\t\t<div class=\"elementor-widget-container\">\n\t\t\t\n\t\t\n\t\t\t\t\t\t<span class=\"ha-icon-box-icon\">\n\t\t\t\t\t<i class=\"hm hm-shipping-address\"><\/i>\t\t\t\t<\/span>\n\t\t<h2 class=\"ha-icon-box-title\">Lojistik Hizmetleri <\/h2>\t\t<\/div>\n\t\t\t\t<\/div>\n\t\t\t\t<\/div>\n\t\t<div class=\"elementor-element elementor-element-abefb8b e-con-full e-flex e-con e-child\" data-id=\"abefb8b\" data-element_type=\"container\" data-e-type=\"container\" data-settings=\"{&quot;_ha_eqh_enable&quot;:false}\">\n\t\t\t\t<div class=\"elementor-element elementor-element-9c2c205 elementor-widget elementor-widget-ha-icon-box happy-addon ha-icon-box\" data-id=\"9c2c205\" data-element_type=\"widget\" data-e-type=\"widget\" data-widget_type=\"ha-icon-box.default\">\n\t\t\t\t<div class=\"elementor-widget-container\">\n\t\t\t\n\t\t\n\t\t\t\t\t\t<span class=\"ha-icon-box-icon\">\n\t\t\t\t\t<i class=\"hm hm-inbox\"><\/i>\t\t\t\t<\/span>\n\t\t<h2 class=\"ha-icon-box-title\">Stant Giydirme Hizmetlerii<\/h2>\t\t<\/div>\n\t\t\t\t<\/div>\n\t\t\t\t<\/div>\n\t\t<div class=\"elementor-element elementor-element-9f53ef5 e-con-full e-flex e-con e-child\" data-id=\"9f53ef5\" data-element_type=\"container\" data-e-type=\"container\" data-settings=\"{&quot;_ha_eqh_enable&quot;:false}\">\n\t\t\t\t<div class=\"elementor-element elementor-element-11320bf elementor-widget elementor-widget-ha-icon-box happy-addon ha-icon-box\" data-id=\"11320bf\" data-element_type=\"widget\" data-e-type=\"widget\" data-widget_type=\"ha-icon-box.default\">\n\t\t\t\t<div class=\"elementor-widget-container\">\n\t\t\t\n\t\t\n\t\t\t\t\t\t<span class=\"ha-icon-box-icon\">\n\t\t\t\t\t<i class=\"hm hm-inbox\"><\/i>\t\t\t\t<\/span>\n\t\t<h2 class=\"ha-icon-box-title\">Fuar Alan\u0131 Sponsorluk Dan\u0131\u015fmanl\u0131k Hizmetleri<\/h2>\t\t<\/div>\n\t\t\t\t<\/div>\n\t\t\t\t<\/div>\n\t\t<div class=\"elementor-element elementor-element-e56b49a e-con-full e-flex e-con e-child\" data-id=\"e56b49a\" data-element_type=\"container\" data-e-type=\"container\" data-settings=\"{&quot;_ha_eqh_enable&quot;:false}\">\n\t\t\t\t<div class=\"elementor-element elementor-element-f06266e elementor-widget elementor-widget-ha-icon-box happy-addon ha-icon-box\" data-id=\"f06266e\" data-element_type=\"widget\" data-e-type=\"widget\" data-widget_type=\"ha-icon-box.default\">\n\t\t\t\t<div class=\"elementor-widget-container\">\n\t\t\t\n\t\t\n\t\t\t\t\t\t<span class=\"ha-icon-box-icon\">\n\t\t\t\t\t<i class=\"hm hm-inbox\"><\/i>\t\t\t\t<\/span>\n\t\t<h2 class=\"ha-icon-box-title\">Host-Hostes ve Terc\u00fcman Temini<\/h2>\t\t<\/div>\n\t\t\t\t<\/div>\n\t\t\t\t<\/div>\n\t\t<div class=\"elementor-element elementor-element-b4730f9 e-con-full e-flex e-con e-child\" data-id=\"b4730f9\" data-element_type=\"container\" data-e-type=\"container\" data-settings=\"{&quot;_ha_eqh_enable&quot;:false}\">\n\t\t\t\t<div class=\"elementor-element elementor-element-eee0556 elementor-widget elementor-widget-ha-icon-box happy-addon ha-icon-box\" data-id=\"eee0556\" data-element_type=\"widget\" data-e-type=\"widget\" data-widget_type=\"ha-icon-box.default\">\n\t\t\t\t<div class=\"elementor-widget-container\">\n\t\t\t\n\t\t\n\t\t\t\t\t\t<span class=\"ha-icon-box-icon\">\n\t\t\t\t\t<i class=\"hm hm-inbox\"><\/i>\t\t\t\t<\/span>\n\t\t<h2 class=\"ha-icon-box-title\">Stant \u0130kramlar\u0131<br><br><\/h2>\t\t<\/div>\n\t\t\t\t<\/div>\n\t\t\t\t<\/div>\n\t\t<div class=\"elementor-element elementor-element-151aea7 e-con-full e-flex e-con e-child\" data-id=\"151aea7\" data-element_type=\"container\" data-e-type=\"container\" data-settings=\"{&quot;_ha_eqh_enable&quot;:false}\">\n\t\t\t\t<div class=\"elementor-element elementor-element-eddced2 elementor-align-center elementor-widget elementor-widget-button\" data-id=\"eddced2\" data-element_type=\"widget\" data-e-type=\"widget\" data-widget_type=\"button.default\">\n\t\t\t\t<div class=\"elementor-widget-container\">\n\t\t\t\t\t\t\t\t\t<div class=\"elementor-button-wrapper\">\n\t\t\t\t\t<a class=\"elementor-button elementor-button-link elementor-size-sm\" href=\"https:\/\/www.kremapluss.com\/hizmetlerimiz\/\">\n\t\t\t\t\t\t<span class=\"elementor-button-content-wrapper\">\n\t\t\t\t\t\t\t\t\t<span class=\"elementor-button-text\">Hizmetlerimizi \u0130nceleyin<\/span>\n\t\t\t\t\t<\/span>\n\t\t\t\t\t<\/a>\n\t\t\t\t<\/div>\n\t\t\t\t\t\t\t\t<\/div>\n\t\t\t\t<\/div>\n\t\t\t\t<\/div>\n\t\t\t\t\t<\/div>\n\t\t\t\t<\/div>\n\t\t<div class=\"elementor-element elementor-element-67d32c5 e-flex e-con-boxed e-con e-parent\" data-id=\"67d32c5\" data-element_type=\"container\" data-e-type=\"container\" data-settings=\"{&quot;background_background&quot;:&quot;classic&quot;,&quot;_ha_eqh_enable&quot;:false}\">\n\t\t\t\t\t<div class=\"e-con-inner\">\n\t\t<div class=\"elementor-element elementor-element-c1c0f9a e-con-full e-flex e-con e-child\" data-id=\"c1c0f9a\" data-element_type=\"container\" data-e-type=\"container\" data-settings=\"{&quot;_ha_eqh_enable&quot;:false}\">\n\t\t\t\t<div class=\"elementor-element elementor-element-c6533ea elementor-widget elementor-widget-text-editor\" data-id=\"c6533ea\" data-element_type=\"widget\" data-e-type=\"widget\" data-widget_type=\"text-editor.default\">\n\t\t\t\t<div class=\"elementor-widget-container\">\n\t\t\t\t\t\t\t\t\t<p>Stand tasar\u0131mlar\u0131 hakk\u0131nda daha fazla bilgi almak i\u00e7in bize ula\u015f\u0131n<\/p>\t\t\t\t\t\t\t\t<\/div>\n\t\t\t\t<\/div>\n\t\t\t\t<\/div>\n\t\t<div class=\"elementor-element elementor-element-17b6576 e-con-full e-flex e-con e-child\" data-id=\"17b6576\" data-element_type=\"container\" data-e-type=\"container\" data-settings=\"{&quot;_ha_eqh_enable&quot;:false}\">\n\t\t\t\t<div class=\"elementor-element elementor-element-edc5b5f elementor-align-right elementor-mobile-align-center elementor-widget elementor-widget-button\" data-id=\"edc5b5f\" data-element_type=\"widget\" data-e-type=\"widget\" data-widget_type=\"button.default\">\n\t\t\t\t<div class=\"elementor-widget-container\">\n\t\t\t\t\t\t\t\t\t<div class=\"elementor-button-wrapper\">\n\t\t\t\t\t<a class=\"elementor-button elementor-button-link elementor-size-sm\" href=\"https:\/\/www.kremapluss.com\/iletisim\/\">\n\t\t\t\t\t\t<span class=\"elementor-button-content-wrapper\">\n\t\t\t\t\t\t\t\t\t<span class=\"elementor-button-text\">Hemen Bilgi Al<\/span>\n\t\t\t\t\t<\/span>\n\t\t\t\t\t<\/a>\n\t\t\t\t<\/div>\n\t\t\t\t\t\t\t\t<\/div>\n\t\t\t\t<\/div>\n\t\t\t\t<\/div>\n\t\t\t\t\t<\/div>\n\t\t\t\t<\/div>\n\t\t\t\t<\/div>\n\t\t","protected":false},"excerpt":{"rendered":"<p>https:\/\/www.kremapluss.com\/wp-content\/uploads\/2025\/12\/12081.mp4 Krema Design Fuarc\u0131l\u0131k Hizmetleri Her ge\u00e7en y\u0131l artan bir tempoyla b\u00fcy\u00fcyerek&#8230; 2002 y\u0131l\u0131nda Mithat AVCI ve Seval SAVA\u015e taraf\u0131ndan kurulan Krema Design Fuarc\u0131l\u0131k Hizmetleri kuruldu\u011fu g\u00fcnden bug\u00fcne kadar T\u00fcrkiye&#8217;de ve yurtd\u0131\u015f\u0131nda faaliyet g\u00f6steren bir\u00e7ok \u00f6nemli \u015firket i\u00e7in \u00f6zel stantlar tasarlay\u0131p \u00fcretmi\u015ftir. Fuar end\u00fcstrisinin \u00f6nemini kavrayarak \u00fclkemiz \u015firketlerinin fuarlara kat\u0131l\u0131m\u0131n\u0131 te\u015fvik etmi\u015f ve bu sayede [&hellip;]<\/p>\n","protected":false},"author":1,"featured_media":0,"parent":0,"menu_order":0,"comment_status":"closed","ping_status":"closed","template":"elementor_theme","meta":{"_acf_changed":false,"footnotes":""},"class_list":["post-2211","page","type-page","status-publish","hentry"],"blocksy_meta":[],"acf":[],"_links":{"self":[{"href":"https:\/\/www.kremapluss.com\/en\/wp-json\/wp\/v2\/pages\/2211","targetHints":{"allow":["GET"]}}],"collection":[{"href":"https:\/\/www.kremapluss.com\/en\/wp-json\/wp\/v2\/pages"}],"about":[{"href":"https:\/\/www.kremapluss.com\/en\/wp-json\/wp\/v2\/types\/page"}],"author":[{"embeddable":true,"href":"https:\/\/www.kremapluss.com\/en\/wp-json\/wp\/v2\/users\/1"}],"replies":[{"embeddable":true,"href":"https:\/\/www.kremapluss.com\/en\/wp-json\/wp\/v2\/comments?post=2211"}],"version-history":[{"count":14,"href":"https:\/\/www.kremapluss.com\/en\/wp-json\/wp\/v2\/pages\/2211\/revisions"}],"predecessor-version":[{"id":2723,"href":"https:\/\/www.kremapluss.com\/en\/wp-json\/wp\/v2\/pages\/2211\/revisions\/2723"}],"wp:attachment":[{"href":"https:\/\/www.kremapluss.com\/en\/wp-json\/wp\/v2\/media?parent=2211"}],"curies":[{"name":"wp","href":"https:\/\/api.w.org\/{rel}","templated":true}]}}